{"id":769,"date":"2023-07-19T13:53:33","date_gmt":"2023-07-19T16:53:33","guid":{"rendered":"http:\/\/65.108.44.32\/~digist\/?page_id=769"},"modified":"2025-06-07T16:52:12","modified_gmt":"2025-06-07T19:52:12","slug":"contato","status":"publish","type":"page","link":"https:\/\/digievo.com.br\/en\/contato\/","title":{"rendered":"Contact"},"content":{"rendered":"<section class=\"section\" id=\"section_2041429182\">\n\t\t<div class=\"bg section-bg fill bg-fill  bg-loaded\" >\n\n\t\t\t\n\t\t\t\n\t\t\t\n\n\t\t<\/div>\n\n\t\t\n\n\t\t<div class=\"section-content relative\">\n\t\t\t\n\n<div class=\"row align-center\"  id=\"row-1762423110\">\n\n\n\t<div id=\"col-156963974\" class=\"col small-11 large-12\"  >\n\t\t\t\t<div class=\"col-inner text-center\"  >\n\t\t\t\n\t\t\t\n\n\t<div id=\"text-1928807319\" class=\"text\">\n\t\t\n\n<h1 class=\"thin-font\"><span style=\"font-size: 300%;\"><strong>Book a meeting<\/strong><\/span><\/h1>\n<h2><span style=\"font-size: 120%;\">Fale com nossos especialistas e descubra somo podemos ajudar no crescimento da sua empresa.<\/span><\/h2>\n\t\t\n<style>\n#text-1928807319 {\n  font-size: 0.75rem;\n  line-height: 1.15;\n  text-align: center;\n}\n<\/style>\n\t<\/div>\n\t\n\n\t\t<\/div>\n\t\t\t\t\t<\/div>\n\n\t\n\n<\/div>\n\n\t\t<\/div>\n\n\t\t\n<style>\n#section_2041429182 {\n  padding-top: 50px;\n  padding-bottom: 50px;\n  min-height: 300px;\n}\n<\/style>\n\t<\/section>\n\t\n\t<section class=\"section has-parallax\" id=\"section_1586642283\">\n\t\t<div class=\"bg section-bg fill bg-fill\" data-parallax-container=\".section\" data-parallax-background data-parallax=\"-8\">\n\n\t\t\t\n\t\t\t\n\t\t\t\n\n\t\t<\/div>\n\n\t\t\t<div class=\"ux-shape-divider ux-shape-divider--top ux-shape-divider--style-curve\">\n\t\t<svg viewbox=\"0 0 1000 100\" xmlns=\"http:\/\/www.w3.org\/2000\/svg\" preserveaspectratio=\"none\">\n\t<path class=\"ux-shape-fill\" d=\"M0 0C0 0 200 50 500 50C800 50 1000 0 1000 0V101H0V1V0Z\"\/>\n<\/svg>\n\t<\/div>\n\n\t<div class=\"ux-shape-divider ux-shape-divider--bottom ux-shape-divider--style-curve\">\n\t\t<svg viewbox=\"0 0 1000 100\" xmlns=\"http:\/\/www.w3.org\/2000\/svg\" preserveaspectratio=\"none\">\n\t<path class=\"ux-shape-fill\" d=\"M0 0C0 0 200 50 500 50C800 50 1000 0 1000 0V101H0V1V0Z\"\/>\n<\/svg>\n\t<\/div>\n\n\t\t<div class=\"section-content relative\">\n\t\t\t\n\n<div class=\"row align-center\"  id=\"row-735015389\">\n\n\n\t<div id=\"col-1229159588\" class=\"col zin medium-6 small-11 large-6\"  data-animate=\"fadeInDown\">\n\t\t\t\t<div class=\"col-inner text-center\"  >\n\t\t\t\n\t\t\t\n\n\t<div id=\"text-3410074279\" class=\"text form-radius\">\n\t\t\n\n<div role=\"main\" id=\"forms-para-cadastro-quente-site-98252ee8d94775f61087\"><\/div>\n<p><script type=\"text\/javascript\" src=\"https:\/\/d335luupugsy2.cloudfront.net\/js\/rdstation-forms\/stable\/rdstation-forms.min.js\"><\/script><script type=\"text\/javascript\"> new RDStationForms('forms-para-cadastro-quente-site-98252ee8d94775f61087', 'null').createForm();<\/script><\/p>\n\n\t\t\t<\/div>\n\t\n\n\t\t<\/div>\n\t\t\t\t\n<style>\n#col-1229159588 > .col-inner {\n  padding: 38px 0px 0px 0px;\n  margin: 0 0px 0px 0px;\n}\n<\/style>\n\t<\/div>\n\n\t\n\n<\/div>\n\n\t\t<\/div>\n\n\t\t\n<style>\n#section_1586642283 {\n  padding-top: 60px;\n  padding-bottom: 60px;\n  min-height: 300px;\n}\n#section_1586642283 .section-bg.bg-loaded {\n  background-image: url(https:\/\/digievo.com.br\/wp-content\/uploads\/2023\/07\/bg-forms.jpg);\n}\n#section_1586642283 .section-bg {\n  background-position: 54% 34%;\n}\n#section_1586642283 .ux-shape-divider--top svg {\n  height: 105px;\n  --divider-top-width: 100%;\n}\n#section_1586642283 .ux-shape-divider--bottom svg {\n  height: 150px;\n  --divider-width: 100%;\n}\n<\/style>\n\t<\/section>\n\t\n\t<section class=\"section\" id=\"section_2093050408\">\n\t\t<div class=\"bg section-bg fill bg-fill  bg-loaded\" >\n\n\t\t\t\n\t\t\t\n\t\t\t\n\n\t\t<\/div>\n\n\t\t\n\n\t\t<div class=\"section-content relative\">\n\t\t\t\n\n<div class=\"row align-center\"  id=\"row-1266674503\">\n\n\n\t<div id=\"col-246799762\" class=\"col small-11 large-12\"  >\n\t\t\t\t<div class=\"col-inner text-center\"  >\n\t\t\t\n\t\t\t\n\n\t<div id=\"text-1987535460\" class=\"text\">\n\t\t\n\n<h1 class=\"thin-font\"><span style=\"font-size: 190%;\"><strong>INSIGHTS FOR YOU<\/strong><\/span><\/h1>\n<p>&nbsp;<\/p>\n\t\t\n<style>\n#text-1987535460 {\n  font-size: 0.75rem;\n}\n<\/style>\n\t<\/div>\n\t\n\n  \n    <div class=\"row large-columns-3 medium-columns-1 small-columns-1\" >\n  <div class=\"col post-item\" >\n\t\t\t<div class=\"col-inner\">\n\t\t\t\t<div class=\"box box-push box-text-bottom box-blog-post has-hover\">\n            \t\t\t\t\t<div class=\"box-image\" >\n  \t\t\t\t\t\t<div class=\"image-zoom image-cover\" style=\"padding-top:100%;\">\n\t\t\t\t\t\t\t<a href=\"https:\/\/digievo.com.br\/en\/meta-scale-ai-investimento-inteligencia-artificial\/\" class=\"plain\" aria-label=\"Meta, Scale AI e o Futuro da Intelig\u00eancia Artificial: O Que um Investimento de US$ 10 Bilh\u00f5es Significa para o Mercado?\">\n\t\t\t\t\t\t\t\t<img decoding=\"async\" width=\"1200\" height=\"675\" src=\"https:\/\/digievo.com.br\/wp-content\/uploads\/2025\/06\/Gustavo-19.webp\" class=\"attachment-original size-original wp-post-image\" alt=\"\" srcset=\"https:\/\/digievo.com.br\/wp-content\/uploads\/2025\/06\/Gustavo-19.webp 1200w, https:\/\/digievo.com.br\/wp-content\/uploads\/2025\/06\/Gustavo-19-300x169.webp 300w, https:\/\/digievo.com.br\/wp-content\/uploads\/2025\/06\/Gustavo-19-1024x576.webp 1024w, https:\/\/digievo.com.br\/wp-content\/uploads\/2025\/06\/Gustavo-19-768x432.webp 768w, https:\/\/digievo.com.br\/wp-content\/uploads\/2025\/06\/Gustavo-19-18x10.webp 18w\" sizes=\"(max-width: 1200px) 100vw, 1200px\" \/>\t\t\t\t\t\t\t<\/a>\n  \t\t\t\t\t\t\t  \t\t\t\t\t\t\t  \t\t\t\t\t\t<\/div>\n  \t\t\t\t\t\t  \t\t\t\t\t<\/div>\n          \t\t\t\t\t<div class=\"box-text text-center\" >\n\t\t\t\t\t<div class=\"box-text-inner blog-post-inner\">\n\n\t\t\t\t\t\n\t\t\t\t\t\t\t\t\t\t<h5 class=\"post-title is-large\">\n\t\t\t\t\t\t<a href=\"https:\/\/digievo.com.br\/en\/meta-scale-ai-investimento-inteligencia-artificial\/\" class=\"plain\">Meta, Scale AI e o Futuro da Intelig\u00eancia Artificial: O Que um Investimento de US$ 10 Bilh\u00f5es Significa para o Mercado?<\/a>\n\t\t\t\t\t<\/h5>\n\t\t\t\t\t\t\t\t\t\t<div class=\"is-divider\"><\/div>\n\t\t\t\t\t\t\t\t\t\t<p class=\"from_the_blog_excerpt\">A corrida pela supremacia em Intelig\u00eancia Artificial acaba de ganhar um novo e impressionante cap\u00edtulo. [...]\t\t\t\t\t<\/p>\n\t\t\t\t\t                    \n\t\t\t\t\t\n\t\t\t\t\t\n\t\t\t\t\t<\/div>\n\t\t\t\t\t<\/div>\n\t\t\t\t\t\t\t\t\t<\/div>\n\t\t\t<\/div>\n\t\t<\/div><div class=\"col post-item\" >\n\t\t\t<div class=\"col-inner\">\n\t\t\t\t<div class=\"box box-push box-text-bottom box-blog-post has-hover\">\n            \t\t\t\t\t<div class=\"box-image\" >\n  \t\t\t\t\t\t<div class=\"image-zoom image-cover\" style=\"padding-top:100%;\">\n\t\t\t\t\t\t\t<a href=\"https:\/\/digievo.com.br\/en\/meta-ai-bilhao-usuarios\/\" class=\"plain\" aria-label=\"Meta AI Alcan\u00e7a 1 Bilh\u00e3o de Usu\u00e1rios: O Que Isso Significa Para o Futuro da Intelig\u00eancia Artificial?\">\n\t\t\t\t\t\t\t\t<img decoding=\"async\" width=\"1195\" height=\"723\" src=\"https:\/\/digievo.com.br\/wp-content\/uploads\/2025\/05\/0df403efcc9eb8e.jpg\" class=\"attachment-original size-original wp-post-image\" alt=\"A Meta AI atinge a marca de 1 bilh\u00e3o de usu\u00e1rios\" srcset=\"https:\/\/digievo.com.br\/wp-content\/uploads\/2025\/05\/0df403efcc9eb8e.jpg 1195w, https:\/\/digievo.com.br\/wp-content\/uploads\/2025\/05\/0df403efcc9eb8e-300x182.jpg 300w, https:\/\/digievo.com.br\/wp-content\/uploads\/2025\/05\/0df403efcc9eb8e-1024x620.jpg 1024w, https:\/\/digievo.com.br\/wp-content\/uploads\/2025\/05\/0df403efcc9eb8e-768x465.jpg 768w, https:\/\/digievo.com.br\/wp-content\/uploads\/2025\/05\/0df403efcc9eb8e-18x12.jpg 18w\" sizes=\"(max-width: 1195px) 100vw, 1195px\" \/>\t\t\t\t\t\t\t<\/a>\n  \t\t\t\t\t\t\t  \t\t\t\t\t\t\t  \t\t\t\t\t\t<\/div>\n  \t\t\t\t\t\t  \t\t\t\t\t<\/div>\n          \t\t\t\t\t<div class=\"box-text text-center\" >\n\t\t\t\t\t<div class=\"box-text-inner blog-post-inner\">\n\n\t\t\t\t\t\n\t\t\t\t\t\t\t\t\t\t<h5 class=\"post-title is-large\">\n\t\t\t\t\t\t<a href=\"https:\/\/digievo.com.br\/en\/meta-ai-bilhao-usuarios\/\" class=\"plain\">Meta AI Alcan\u00e7a 1 Bilh\u00e3o de Usu\u00e1rios: O Que Isso Significa Para o Futuro da Intelig\u00eancia Artificial?<\/a>\n\t\t\t\t\t<\/h5>\n\t\t\t\t\t\t\t\t\t\t<div class=\"is-divider\"><\/div>\n\t\t\t\t\t\t\t\t\t\t<p class=\"from_the_blog_excerpt\">A not\u00edcia de que a Meta AI atingiu a impressionante marca de um bilh\u00e3o de [...]\t\t\t\t\t<\/p>\n\t\t\t\t\t                    \n\t\t\t\t\t\n\t\t\t\t\t\n\t\t\t\t\t<\/div>\n\t\t\t\t\t<\/div>\n\t\t\t\t\t\t\t\t\t<\/div>\n\t\t\t<\/div>\n\t\t<\/div><div class=\"col post-item\" >\n\t\t\t<div class=\"col-inner\">\n\t\t\t\t<div class=\"box box-push box-text-bottom box-blog-post has-hover\">\n            \t\t\t\t\t<div class=\"box-image\" >\n  \t\t\t\t\t\t<div class=\"image-zoom image-cover\" style=\"padding-top:100%;\">\n\t\t\t\t\t\t\t<a href=\"https:\/\/digievo.com.br\/en\/salesforce-adquire-informatica-impacto-ia-dados\/\" class=\"plain\" aria-label=\"Salesforce Adquire Informatica por US$ 8 Bilh\u00f5es: A Revolu\u00e7\u00e3o da IA e Dados e o Que Sua Empresa Precisa Saber\">\n\t\t\t\t\t\t\t\t<img decoding=\"async\" width=\"1536\" height=\"1024\" src=\"https:\/\/digievo.com.br\/wp-content\/uploads\/2025\/05\/edb1cf3e-2dff-4268-8cb1-627707db82ce.png\" class=\"attachment-original size-original wp-post-image\" alt=\"Salesforce adquire Informatica, impulsionando IA e gest\u00e3o de dados.\" srcset=\"https:\/\/digievo.com.br\/wp-content\/uploads\/2025\/05\/edb1cf3e-2dff-4268-8cb1-627707db82ce.png 1536w, https:\/\/digievo.com.br\/wp-content\/uploads\/2025\/05\/edb1cf3e-2dff-4268-8cb1-627707db82ce-300x200.png 300w\" sizes=\"(max-width: 1536px) 100vw, 1536px\" \/>\t\t\t\t\t\t\t<\/a>\n  \t\t\t\t\t\t\t  \t\t\t\t\t\t\t  \t\t\t\t\t\t<\/div>\n  \t\t\t\t\t\t  \t\t\t\t\t<\/div>\n          \t\t\t\t\t<div class=\"box-text text-center\" >\n\t\t\t\t\t<div class=\"box-text-inner blog-post-inner\">\n\n\t\t\t\t\t\n\t\t\t\t\t\t\t\t\t\t<h5 class=\"post-title is-large\">\n\t\t\t\t\t\t<a href=\"https:\/\/digievo.com.br\/en\/salesforce-adquire-informatica-impacto-ia-dados\/\" class=\"plain\">Salesforce Adquire Informatica por US$ 8 Bilh\u00f5es: A Revolu\u00e7\u00e3o da IA e Dados e o Que Sua Empresa Precisa Saber<\/a>\n\t\t\t\t\t<\/h5>\n\t\t\t\t\t\t\t\t\t\t<div class=\"is-divider\"><\/div>\n\t\t\t\t\t\t\t\t\t\t<p class=\"from_the_blog_excerpt\">O mercado de tecnologia foi novamente agitado por uma not\u00edcia de peso: a Salesforce anunciou [...]\t\t\t\t\t<\/p>\n\t\t\t\t\t                    \n\t\t\t\t\t\n\t\t\t\t\t\n\t\t\t\t\t<\/div>\n\t\t\t\t\t<\/div>\n\t\t\t\t\t\t\t\t\t<\/div>\n\t\t\t<\/div>\n\t\t<\/div><\/div>\n\n\n\t\t<\/div>\n\t\t\t\t\t<\/div>\n\n\t\n\n<\/div>\n\n\t\t<\/div>\n\n\t\t\n<style>\n#section_2093050408 {\n  padding-top: 60px;\n  padding-bottom: 60px;\n  min-height: 300px;\n}\n<\/style>\n\t<\/section>","protected":false},"excerpt":{"rendered":"","protected":false},"author":3,"featured_media":0,"parent":0,"menu_order":0,"comment_status":"closed","ping_status":"closed","template":"page-blank.php","meta":{"footnotes":""},"class_list":["post-769","page","type-page","status-publish","hentry"],"yoast_head":"<!-- This site is optimized with the Yoast SEO Premium plugin v23.0 (Yoast SEO v27.2) - https:\/\/yoast.com\/product\/yoast-seo-premium-wordpress\/ -->\n<title>Contato - DIGIEVO<\/title>\n<meta name=\"robots\" content=\"index, follow, max-snippet:-1, max-image-preview:large, max-video-preview:-1\" \/>\n<link rel=\"canonical\" href=\"https:\/\/digievo.com.br\/en\/contato\/\" \/>\n<meta property=\"og:locale\" content=\"en_GB\" \/>\n<meta property=\"og:type\" content=\"article\" \/>\n<meta property=\"og:title\" content=\"Contato\" \/>\n<meta property=\"og:url\" content=\"https:\/\/digievo.com.br\/en\/contato\/\" \/>\n<meta property=\"og:site_name\" content=\"DIGIEVO\" \/>\n<meta property=\"article:publisher\" content=\"https:\/\/web.facebook.com\/digievo.com.br\" \/>\n<meta property=\"article:modified_time\" content=\"2025-06-07T19:52:12+00:00\" \/>\n<meta name=\"twitter:card\" content=\"summary_large_image\" \/>\n<script type=\"application\/ld+json\" class=\"yoast-schema-graph\">{\"@context\":\"https:\/\/schema.org\",\"@graph\":[{\"@type\":\"WebPage\",\"@id\":\"https:\/\/digievo.com.br\/contato\/\",\"url\":\"https:\/\/digievo.com.br\/contato\/\",\"name\":\"Contato - DIGIEVO\",\"isPartOf\":{\"@id\":\"https:\/\/digievo.com.br\/#website\"},\"datePublished\":\"2023-07-19T16:53:33+00:00\",\"dateModified\":\"2025-06-07T19:52:12+00:00\",\"breadcrumb\":{\"@id\":\"https:\/\/digievo.com.br\/contato\/#breadcrumb\"},\"inLanguage\":\"en-GB\",\"potentialAction\":[{\"@type\":\"ReadAction\",\"target\":[\"https:\/\/digievo.com.br\/contato\/\"]}]},{\"@type\":\"BreadcrumbList\",\"@id\":\"https:\/\/digievo.com.br\/contato\/#breadcrumb\",\"itemListElement\":[{\"@type\":\"ListItem\",\"position\":1,\"name\":\"In\u00edcio\",\"item\":\"https:\/\/digievo.com.br\/\"},{\"@type\":\"ListItem\",\"position\":2,\"name\":\"Contato\"}]},{\"@type\":\"WebSite\",\"@id\":\"https:\/\/digievo.com.br\/#website\",\"url\":\"https:\/\/digievo.com.br\/\",\"name\":\"DIGIEVO\",\"description\":\"\",\"publisher\":{\"@id\":\"https:\/\/digievo.com.br\/#organization\"},\"potentialAction\":[{\"@type\":\"SearchAction\",\"target\":{\"@type\":\"EntryPoint\",\"urlTemplate\":\"https:\/\/digievo.com.br\/?s={search_term_string}\"},\"query-input\":{\"@type\":\"PropertyValueSpecification\",\"valueRequired\":true,\"valueName\":\"search_term_string\"}}],\"inLanguage\":\"en-GB\"},{\"@type\":\"Organization\",\"@id\":\"https:\/\/digievo.com.br\/#organization\",\"name\":\"DIGIEVO\",\"url\":\"https:\/\/digievo.com.br\/\",\"logo\":{\"@type\":\"ImageObject\",\"inLanguage\":\"en-GB\",\"@id\":\"https:\/\/digievo.com.br\/#\/schema\/logo\/image\/\",\"url\":\"https:\/\/digievo.com.br\/wp-content\/uploads\/2023\/11\/Logo-Escuro.png\",\"contentUrl\":\"https:\/\/digievo.com.br\/wp-content\/uploads\/2023\/11\/Logo-Escuro.png\",\"width\":1080,\"height\":400,\"caption\":\"DIGIEVO\"},\"image\":{\"@id\":\"https:\/\/digievo.com.br\/#\/schema\/logo\/image\/\"},\"sameAs\":[\"https:\/\/web.facebook.com\/digievo.com.br\",\"https:\/\/www.instagram.com\/digievo_\",\"https:\/\/www.youtube.com\/@digievo.\",\"https:\/\/www.linkedin.com\/company\/18106279\"]}]}<\/script>\n<!-- \/ Yoast SEO Premium plugin. -->","yoast_head_json":{"title":"Contato - DIGIEVO","robots":{"index":"index","follow":"follow","max-snippet":"max-snippet:-1","max-image-preview":"max-image-preview:large","max-video-preview":"max-video-preview:-1"},"canonical":"https:\/\/digievo.com.br\/en\/contato\/","og_locale":"en_GB","og_type":"article","og_title":"Contato","og_url":"https:\/\/digievo.com.br\/en\/contato\/","og_site_name":"DIGIEVO","article_publisher":"https:\/\/web.facebook.com\/digievo.com.br","article_modified_time":"2025-06-07T19:52:12+00:00","twitter_card":"summary_large_image","schema":{"@context":"https:\/\/schema.org","@graph":[{"@type":"WebPage","@id":"https:\/\/digievo.com.br\/contato\/","url":"https:\/\/digievo.com.br\/contato\/","name":"Contato - DIGIEVO","isPartOf":{"@id":"https:\/\/digievo.com.br\/#website"},"datePublished":"2023-07-19T16:53:33+00:00","dateModified":"2025-06-07T19:52:12+00:00","breadcrumb":{"@id":"https:\/\/digievo.com.br\/contato\/#breadcrumb"},"inLanguage":"en-GB","potentialAction":[{"@type":"ReadAction","target":["https:\/\/digievo.com.br\/contato\/"]}]},{"@type":"BreadcrumbList","@id":"https:\/\/digievo.com.br\/contato\/#breadcrumb","itemListElement":[{"@type":"ListItem","position":1,"name":"In\u00edcio","item":"https:\/\/digievo.com.br\/"},{"@type":"ListItem","position":2,"name":"Contato"}]},{"@type":"WebSite","@id":"https:\/\/digievo.com.br\/#website","url":"https:\/\/digievo.com.br\/","name":"DIGIEVO","description":"","publisher":{"@id":"https:\/\/digievo.com.br\/#organization"},"potentialAction":[{"@type":"SearchAction","target":{"@type":"EntryPoint","urlTemplate":"https:\/\/digievo.com.br\/?s={search_term_string}"},"query-input":{"@type":"PropertyValueSpecification","valueRequired":true,"valueName":"search_term_string"}}],"inLanguage":"en-GB"},{"@type":"Organization","@id":"https:\/\/digievo.com.br\/#organization","name":"DIGIEVO","url":"https:\/\/digievo.com.br\/","logo":{"@type":"ImageObject","inLanguage":"en-GB","@id":"https:\/\/digievo.com.br\/#\/schema\/logo\/image\/","url":"https:\/\/digievo.com.br\/wp-content\/uploads\/2023\/11\/Logo-Escuro.png","contentUrl":"https:\/\/digievo.com.br\/wp-content\/uploads\/2023\/11\/Logo-Escuro.png","width":1080,"height":400,"caption":"DIGIEVO"},"image":{"@id":"https:\/\/digievo.com.br\/#\/schema\/logo\/image\/"},"sameAs":["https:\/\/web.facebook.com\/digievo.com.br","https:\/\/www.instagram.com\/digievo_","https:\/\/www.youtube.com\/@digievo.","https:\/\/www.linkedin.com\/company\/18106279"]}]}},"_links":{"self":[{"href":"https:\/\/digievo.com.br\/en\/wp-json\/wp\/v2\/pages\/769","targetHints":{"allow":["GET"]}}],"collection":[{"href":"https:\/\/digievo.com.br\/en\/wp-json\/wp\/v2\/pages"}],"about":[{"href":"https:\/\/digievo.com.br\/en\/wp-json\/wp\/v2\/types\/page"}],"author":[{"embeddable":true,"href":"https:\/\/digievo.com.br\/en\/wp-json\/wp\/v2\/users\/3"}],"replies":[{"embeddable":true,"href":"https:\/\/digievo.com.br\/en\/wp-json\/wp\/v2\/comments?post=769"}],"version-history":[{"count":3,"href":"https:\/\/digievo.com.br\/en\/wp-json\/wp\/v2\/pages\/769\/revisions"}],"predecessor-version":[{"id":2940,"href":"https:\/\/digievo.com.br\/en\/wp-json\/wp\/v2\/pages\/769\/revisions\/2940"}],"wp:attachment":[{"href":"https:\/\/digievo.com.br\/en\/wp-json\/wp\/v2\/media?parent=769"}],"curies":[{"name":"wp","href":"https:\/\/api.w.org\/{rel}","templated":true}]}}